{"id":434,"date":"2025-06-20T11:59:10","date_gmt":"2025-06-20T11:59:10","guid":{"rendered":"https:\/\/www.pizza-maxim.sk\/mt\/?post_type=product&#038;p=434"},"modified":"2025-08-30T23:20:46","modified_gmt":"2025-08-30T21:20:46","slug":"5-tuniakova","status":"publish","type":"product","link":"https:\/\/www.pizza-maxim.sk\/mt\/product\/5-tuniakova\/","title":{"rendered":"5. Tuniakov\u00e1"},"content":{"rendered":"<p>cesto, paradajkov\u00e1 om\u00e1\u010dka, syr, cesnak, cibu\u013ea, olivy, oreg\u00e1no, tuniak<\/p>\n","protected":false},"excerpt":{"rendered":"<p>(1,4,7)<\/p>\n","protected":false},"featured_media":985,"template":"","meta":[],"product_brand":[],"product_cat":[16],"product_tag":[],"class_list":{"0":"post-434","1":"product","2":"type-product","3":"status-publish","4":"has-post-thumbnail","6":"product_cat-pizza","8":"first","9":"instock","10":"shipping-taxable","11":"purchasable","12":"product-type-simple"},"_links":{"self":[{"href":"https:\/\/www.pizza-maxim.sk\/mt\/wp-json\/wp\/v2\/product\/434","targetHints":{"allow":["GET"]}}],"collection":[{"href":"https:\/\/www.pizza-maxim.sk\/mt\/wp-json\/wp\/v2\/product"}],"about":[{"href":"https:\/\/www.pizza-maxim.sk\/mt\/wp-json\/wp\/v2\/types\/product"}],"wp:featuredmedia":[{"embeddable":true,"href":"https:\/\/www.pizza-maxim.sk\/mt\/wp-json\/wp\/v2\/media\/985"}],"wp:attachment":[{"href":"https:\/\/www.pizza-maxim.sk\/mt\/wp-json\/wp\/v2\/media?parent=434"}],"wp:term":[{"taxonomy":"product_brand","embeddable":true,"href":"https:\/\/www.pizza-maxim.sk\/mt\/wp-json\/wp\/v2\/product_brand?post=434"},{"taxonomy":"product_cat","embeddable":true,"href":"https:\/\/www.pizza-maxim.sk\/mt\/wp-json\/wp\/v2\/product_cat?post=434"},{"taxonomy":"product_tag","embeddable":true,"href":"https:\/\/www.pizza-maxim.sk\/mt\/wp-json\/wp\/v2\/product_tag?post=434"}],"curies":[{"name":"wp","href":"https:\/\/api.w.org\/{rel}","templated":true}]}}