{"id":437,"date":"2025-06-20T12:05:30","date_gmt":"2025-06-20T12:05:30","guid":{"rendered":"https:\/\/www.pizza-maxim.sk\/mt\/?post_type=product&#038;p=437"},"modified":"2025-08-30T23:20:45","modified_gmt":"2025-08-30T21:20:45","slug":"10-quattro-formaggi","status":"publish","type":"product","link":"https:\/\/www.pizza-maxim.sk\/mt\/product\/10-quattro-formaggi\/","title":{"rendered":"10. Quattro formaggi"},"content":{"rendered":"<p>cesto, par. om\u00e1\u010dka, syr, mozzarella, niva, \u00faden\u00fd syr, oreg\u00e1no<\/p>\n","protected":false},"excerpt":{"rendered":"<p>(1,7)<\/p>\n","protected":false},"featured_media":961,"template":"","meta":[],"product_brand":[],"product_cat":[16],"product_tag":[],"class_list":{"0":"post-437","1":"product","2":"type-product","3":"status-publish","4":"has-post-thumbnail","6":"product_cat-pizza","8":"first","9":"instock","10":"shipping-taxable","11":"purchasable","12":"product-type-simple"},"_links":{"self":[{"href":"https:\/\/www.pizza-maxim.sk\/mt\/wp-json\/wp\/v2\/product\/437","targetHints":{"allow":["GET"]}}],"collection":[{"href":"https:\/\/www.pizza-maxim.sk\/mt\/wp-json\/wp\/v2\/product"}],"about":[{"href":"https:\/\/www.pizza-maxim.sk\/mt\/wp-json\/wp\/v2\/types\/product"}],"wp:featuredmedia":[{"embeddable":true,"href":"https:\/\/www.pizza-maxim.sk\/mt\/wp-json\/wp\/v2\/media\/961"}],"wp:attachment":[{"href":"https:\/\/www.pizza-maxim.sk\/mt\/wp-json\/wp\/v2\/media?parent=437"}],"wp:term":[{"taxonomy":"product_brand","embeddable":true,"href":"https:\/\/www.pizza-maxim.sk\/mt\/wp-json\/wp\/v2\/product_brand?post=437"},{"taxonomy":"product_cat","embeddable":true,"href":"https:\/\/www.pizza-maxim.sk\/mt\/wp-json\/wp\/v2\/product_cat?post=437"},{"taxonomy":"product_tag","embeddable":true,"href":"https:\/\/www.pizza-maxim.sk\/mt\/wp-json\/wp\/v2\/product_tag?post=437"}],"curies":[{"name":"wp","href":"https:\/\/api.w.org\/{rel}","templated":true}]}}