{"id":440,"date":"2025-06-20T12:07:51","date_gmt":"2025-06-20T12:07:51","guid":{"rendered":"https:\/\/www.pizza-maxim.sk\/mt\/?post_type=product&#038;p=440"},"modified":"2025-08-30T23:18:27","modified_gmt":"2025-08-30T21:18:27","slug":"12-al-capone","status":"publish","type":"product","link":"https:\/\/www.pizza-maxim.sk\/mt\/product\/12-al-capone\/","title":{"rendered":"12. Al capone"},"content":{"rendered":"<p>cesto, par. om\u00e1\u010dka, syr, brav. m\u00e4so, k\u00e1pia, cibu\u013ea, cesnak, kukurica, fefer\u00f3ny, oreg\u00e1no<\/p>\n","protected":false},"excerpt":{"rendered":"<p>(1,7)<\/p>\n","protected":false},"featured_media":959,"template":"","meta":[],"product_brand":[],"product_cat":[16],"product_tag":[],"class_list":{"0":"post-440","1":"product","2":"type-product","3":"status-publish","4":"has-post-thumbnail","6":"product_cat-pizza","8":"first","9":"instock","10":"shipping-taxable","11":"purchasable","12":"product-type-simple"},"_links":{"self":[{"href":"https:\/\/www.pizza-maxim.sk\/mt\/wp-json\/wp\/v2\/product\/440","targetHints":{"allow":["GET"]}}],"collection":[{"href":"https:\/\/www.pizza-maxim.sk\/mt\/wp-json\/wp\/v2\/product"}],"about":[{"href":"https:\/\/www.pizza-maxim.sk\/mt\/wp-json\/wp\/v2\/types\/product"}],"wp:featuredmedia":[{"embeddable":true,"href":"https:\/\/www.pizza-maxim.sk\/mt\/wp-json\/wp\/v2\/media\/959"}],"wp:attachment":[{"href":"https:\/\/www.pizza-maxim.sk\/mt\/wp-json\/wp\/v2\/media?parent=440"}],"wp:term":[{"taxonomy":"product_brand","embeddable":true,"href":"https:\/\/www.pizza-maxim.sk\/mt\/wp-json\/wp\/v2\/product_brand?post=440"},{"taxonomy":"product_cat","embeddable":true,"href":"https:\/\/www.pizza-maxim.sk\/mt\/wp-json\/wp\/v2\/product_cat?post=440"},{"taxonomy":"product_tag","embeddable":true,"href":"https:\/\/www.pizza-maxim.sk\/mt\/wp-json\/wp\/v2\/product_tag?post=440"}],"curies":[{"name":"wp","href":"https:\/\/api.w.org\/{rel}","templated":true}]}}