{"id":446,"date":"2025-06-20T12:07:54","date_gmt":"2025-06-20T12:07:54","guid":{"rendered":"https:\/\/www.pizza-maxim.sk\/mt\/?post_type=product&#038;p=446"},"modified":"2025-08-30T23:18:27","modified_gmt":"2025-08-30T21:18:27","slug":"19-podla-vlastneho-vyberu","status":"publish","type":"product","link":"https:\/\/www.pizza-maxim.sk\/mt\/product\/19-podla-vlastneho-vyberu\/","title":{"rendered":"19. Vlastn\u00fd v\u00fdber"},"content":{"rendered":"<p>cesto, par. om\u00e1\u010dka, syr, oreg\u00e1no, + 4 pr\u00edlohy pod\u0139a vlastn\u00e9ho v\u00fdberu<\/p>\n","protected":false},"excerpt":{"rendered":"<p>(1,7)<\/p>\n","protected":false},"featured_media":1224,"template":"","meta":[],"product_brand":[],"product_cat":[16],"product_tag":[],"class_list":{"0":"post-446","1":"product","2":"type-product","3":"status-publish","4":"has-post-thumbnail","6":"product_cat-pizza","8":"first","9":"instock","10":"shipping-taxable","11":"purchasable","12":"product-type-simple"},"_links":{"self":[{"href":"https:\/\/www.pizza-maxim.sk\/mt\/wp-json\/wp\/v2\/product\/446","targetHints":{"allow":["GET"]}}],"collection":[{"href":"https:\/\/www.pizza-maxim.sk\/mt\/wp-json\/wp\/v2\/product"}],"about":[{"href":"https:\/\/www.pizza-maxim.sk\/mt\/wp-json\/wp\/v2\/types\/product"}],"wp:featuredmedia":[{"embeddable":true,"href":"https:\/\/www.pizza-maxim.sk\/mt\/wp-json\/wp\/v2\/media\/1224"}],"wp:attachment":[{"href":"https:\/\/www.pizza-maxim.sk\/mt\/wp-json\/wp\/v2\/media?parent=446"}],"wp:term":[{"taxonomy":"product_brand","embeddable":true,"href":"https:\/\/www.pizza-maxim.sk\/mt\/wp-json\/wp\/v2\/product_brand?post=446"},{"taxonomy":"product_cat","embeddable":true,"href":"https:\/\/www.pizza-maxim.sk\/mt\/wp-json\/wp\/v2\/product_cat?post=446"},{"taxonomy":"product_tag","embeddable":true,"href":"https:\/\/www.pizza-maxim.sk\/mt\/wp-json\/wp\/v2\/product_tag?post=446"}],"curies":[{"name":"wp","href":"https:\/\/api.w.org\/{rel}","templated":true}]}}