{"id":497,"date":"2025-06-20T14:41:38","date_gmt":"2025-06-20T14:41:38","guid":{"rendered":"https:\/\/www.pizza-maxim.sk\/mt\/?post_type=product&#038;p=497"},"modified":"2025-08-07T10:28:41","modified_gmt":"2025-08-07T08:28:41","slug":"1-lososovy","status":"publish","type":"product","link":"https:\/\/www.pizza-maxim.sk\/mt\/product\/1-lososovy\/","title":{"rendered":"3. Lososov\u00fd"},"content":{"rendered":"<p>zmes \u0161al\u00e1tov, mrkva, kukurica, re\u010fkovka, cherry paradajky, olivy, vajce, losos<\/p>\n","protected":false},"excerpt":{"rendered":"<p>(3,4)<\/p>\n","protected":false},"featured_media":1229,"template":"","meta":[],"product_brand":[],"product_cat":[18],"product_tag":[],"class_list":{"0":"post-497","1":"product","2":"type-product","3":"status-publish","4":"has-post-thumbnail","6":"product_cat-salaty","8":"first","9":"instock","10":"shipping-taxable","11":"purchasable","12":"product-type-simple"},"_links":{"self":[{"href":"https:\/\/www.pizza-maxim.sk\/mt\/wp-json\/wp\/v2\/product\/497","targetHints":{"allow":["GET"]}}],"collection":[{"href":"https:\/\/www.pizza-maxim.sk\/mt\/wp-json\/wp\/v2\/product"}],"about":[{"href":"https:\/\/www.pizza-maxim.sk\/mt\/wp-json\/wp\/v2\/types\/product"}],"wp:featuredmedia":[{"embeddable":true,"href":"https:\/\/www.pizza-maxim.sk\/mt\/wp-json\/wp\/v2\/media\/1229"}],"wp:attachment":[{"href":"https:\/\/www.pizza-maxim.sk\/mt\/wp-json\/wp\/v2\/media?parent=497"}],"wp:term":[{"taxonomy":"product_brand","embeddable":true,"href":"https:\/\/www.pizza-maxim.sk\/mt\/wp-json\/wp\/v2\/product_brand?post=497"},{"taxonomy":"product_cat","embeddable":true,"href":"https:\/\/www.pizza-maxim.sk\/mt\/wp-json\/wp\/v2\/product_cat?post=497"},{"taxonomy":"product_tag","embeddable":true,"href":"https:\/\/www.pizza-maxim.sk\/mt\/wp-json\/wp\/v2\/product_tag?post=497"}],"curies":[{"name":"wp","href":"https:\/\/api.w.org\/{rel}","templated":true}]}}