{"id":494,"date":"2025-06-20T14:30:19","date_gmt":"2025-06-20T14:30:19","guid":{"rendered":"https:\/\/www.pizza-maxim.sk\/po\/?post_type=product&#038;p=494"},"modified":"2025-09-01T07:16:07","modified_gmt":"2025-09-01T05:16:07","slug":"7-maxim","status":"publish","type":"product","link":"https:\/\/www.pizza-maxim.sk\/po\/produkt\/7-maxim\/","title":{"rendered":"7. Maxim"},"content":{"rendered":"<p>penne, kur. prsia, \u0161pen\u00e1tovo-syrovo-smotanov\u00e1 om\u00e1\u010dka, syr<\/p>\n","protected":false},"excerpt":{"rendered":"<p>550g | (1,7)<\/p>\n","protected":false},"featured_media":1060,"template":"","meta":[],"product_brand":[],"product_cat":[17],"product_tag":[],"class_list":{"0":"post-494","1":"product","2":"type-product","3":"status-publish","4":"has-post-thumbnail","6":"product_cat-cestoviny","8":"first","9":"instock","10":"shipping-taxable","11":"purchasable","12":"product-type-simple"},"exclude_global_add_ons":[],"addons":[],"_links":{"self":[{"href":"https:\/\/www.pizza-maxim.sk\/po\/wp-json\/wp\/v2\/product\/494","targetHints":{"allow":["GET"]}}],"collection":[{"href":"https:\/\/www.pizza-maxim.sk\/po\/wp-json\/wp\/v2\/product"}],"about":[{"href":"https:\/\/www.pizza-maxim.sk\/po\/wp-json\/wp\/v2\/types\/product"}],"wp:featuredmedia":[{"embeddable":true,"href":"https:\/\/www.pizza-maxim.sk\/po\/wp-json\/wp\/v2\/media\/1060"}],"wp:attachment":[{"href":"https:\/\/www.pizza-maxim.sk\/po\/wp-json\/wp\/v2\/media?parent=494"}],"wp:term":[{"taxonomy":"product_brand","embeddable":true,"href":"https:\/\/www.pizza-maxim.sk\/po\/wp-json\/wp\/v2\/product_brand?post=494"},{"taxonomy":"product_cat","embeddable":true,"href":"https:\/\/www.pizza-maxim.sk\/po\/wp-json\/wp\/v2\/product_cat?post=494"},{"taxonomy":"product_tag","embeddable":true,"href":"https:\/\/www.pizza-maxim.sk\/po\/wp-json\/wp\/v2\/product_tag?post=494"}],"curies":[{"name":"wp","href":"https:\/\/api.w.org\/{rel}","templated":true}]}}