{"id":498,"date":"2025-06-20T14:41:39","date_gmt":"2025-06-20T14:41:39","guid":{"rendered":"https:\/\/www.pizza-maxim.sk\/po\/?post_type=product&#038;p=498"},"modified":"2025-08-07T10:25:36","modified_gmt":"2025-08-07T08:25:36","slug":"5-maxim","status":"publish","type":"product","link":"https:\/\/www.pizza-maxim.sk\/po\/produkt\/5-maxim\/","title":{"rendered":"4. Maxim"},"content":{"rendered":"<p>zmes \u0161al\u00e1tov, mrkva, kukurica, paprika, cherry paradajky, olivy, vajce, sal\u00e1ma, \u0161unka, balk\u00e1nsky syr<\/p>\n","protected":false},"excerpt":{"rendered":"<p>(3,7)<\/p>\n","protected":false},"featured_media":1230,"template":"","meta":[],"product_brand":[],"product_cat":[18],"product_tag":[],"class_list":{"0":"post-498","1":"product","2":"type-product","3":"status-publish","4":"has-post-thumbnail","6":"product_cat-salaty","8":"first","9":"instock","10":"shipping-taxable","11":"purchasable","12":"product-type-simple"},"exclude_global_add_ons":[],"addons":[],"_links":{"self":[{"href":"https:\/\/www.pizza-maxim.sk\/po\/wp-json\/wp\/v2\/product\/498","targetHints":{"allow":["GET"]}}],"collection":[{"href":"https:\/\/www.pizza-maxim.sk\/po\/wp-json\/wp\/v2\/product"}],"about":[{"href":"https:\/\/www.pizza-maxim.sk\/po\/wp-json\/wp\/v2\/types\/product"}],"wp:featuredmedia":[{"embeddable":true,"href":"https:\/\/www.pizza-maxim.sk\/po\/wp-json\/wp\/v2\/media\/1230"}],"wp:attachment":[{"href":"https:\/\/www.pizza-maxim.sk\/po\/wp-json\/wp\/v2\/media?parent=498"}],"wp:term":[{"taxonomy":"product_brand","embeddable":true,"href":"https:\/\/www.pizza-maxim.sk\/po\/wp-json\/wp\/v2\/product_brand?post=498"},{"taxonomy":"product_cat","embeddable":true,"href":"https:\/\/www.pizza-maxim.sk\/po\/wp-json\/wp\/v2\/product_cat?post=498"},{"taxonomy":"product_tag","embeddable":true,"href":"https:\/\/www.pizza-maxim.sk\/po\/wp-json\/wp\/v2\/product_tag?post=498"}],"curies":[{"name":"wp","href":"https:\/\/api.w.org\/{rel}","templated":true}]}}